{"id":69,"date":"2015-03-02T17:49:34","date_gmt":"2015-03-02T17:49:34","guid":{"rendered":"http:\/\/webs.almeritek.com\/vetclinicaveterinaria.es\/?page_id=69"},"modified":"2016-03-04T09:36:53","modified_gmt":"2016-03-04T09:36:53","slug":"contacto","status":"publish","type":"page","link":"https:\/\/www.vetclinicaveterinaria.es\/?page_id=69","title":{"rendered":"Contacto"},"content":{"rendered":"<p>[et_pb_section admin_label=&#8221;section&#8221; fullwidth=&#8221;on&#8221; specialty=&#8221;off&#8221;][et_pb_fullwidth_header admin_label=&#8221;T\u00edtulo de anchura completa&#8221; title=&#8221;\u00a1Contacta con Nosotros!&#8221; subhead=&#8221;Utilice nuestro formulario de contacto si necesita conocer algo m\u00e1s de nuestra empresa&#8221; background_layout=&#8221;light&#8221; text_orientation=&#8221;center&#8221;] [\/et_pb_fullwidth_header][\/et_pb_section][et_pb_section admin_label=&#8221;section&#8221; fullwidth=&#8221;on&#8221; specialty=&#8221;off&#8221;][et_pb_fullwidth_map admin_label=&#8221;Fullwidth Map&#8221; zoom_level=&#8221;17&#8243; address_lat=&#8221;36.8255675955091&#8243; address_lng=&#8221;-2.447265583328293&#8243; address=&#8221;Avenida Cabo de Gata, 180, 04007 Almer\u00eda, Almer\u00eda, Espa\u00f1a&#8221; mouse_wheel=&#8221;on&#8221;] [et_pb_map_pin title=&#8221;Vet Cl\u00ednica Veterinaria&#8221; pin_address=&#8221;Avenida Cabo de Gata, 180, 04007 Almer\u00eda, Almer\u00eda, Espa\u00f1a&#8221; pin_address_lat=&#8221;36.8253486&#8243; pin_address_lng=&#8221;-2.44794150000007&#8243; \/] [\/et_pb_fullwidth_map][\/et_pb_section][et_pb_section admin_label=&#8221;section&#8221; fullwidth=&#8221;off&#8221;][et_pb_row admin_label=&#8221;row&#8221;][et_pb_column type=&#8221;2_3&#8243;][et_pb_contact_form admin_label=&#8221;Formulario de Contacto&#8221; captcha=&#8221;on&#8221; title=&#8221;Rellene nuestro formulario&#8221;] [\/et_pb_contact_form][\/et_pb_column][et_pb_column type=&#8221;1_3&#8243;][et_pb_text admin_label=&#8221;Text&#8221; background_layout=&#8221;light&#8221; text_orientation=&#8221;left&#8221; text_font_size=&#8221;14&#8243; use_border_color=&#8221;off&#8221; border_color=&#8221;#ffffff&#8221; border_style=&#8221;solid&#8221;]<\/p>\n<h3>M\u00e1s\u00a0Info<\/h3>\n<p>Nos encanta escuchar a nuestros clientes, o\u00edr lo que necesitan y cumplir los objetivos que buscan para su mascota, por eso que nuestro equipo trabaja para prestar un servicio profesional y de calidad a sus clientes.<\/p>\n<p><strong>Avd.<\/strong>\u00a0Cabo de Gata, 180 &#8211; 04007 ALMER\u00cdA\u00a0<strong>Tel\u00e9fono:<\/strong>\u00a0950 25 68 24\u00a0<strong>Horario:<\/strong>\u00a0Lunes a Viernes de 10:30 &#8211; 13:30 Hs. (Ma\u00f1ana)\u00a0y 17:00-20:00 Hs. (tardes) S\u00e1bados: de 11:00-13:00 Hs.<\/p>\n<p>[\/et_pb_text][\/et_pb_column][\/et_pb_row][\/et_pb_section]<\/p>\n","protected":false},"excerpt":{"rendered":"<p>[et_pb_section admin_label=&#8221;section&#8221; fullwidth=&#8221;on&#8221; specialty=&#8221;off&#8221;][et_pb_fullwidth_header admin_label=&#8221;T\u00edtulo de anchura completa&#8221; title=&#8221;\u00a1Contacta con Nosotros!&#8221; subhead=&#8221;Utilice nuestro formulario de contacto si necesita conocer algo m\u00e1s de nuestra empresa&#8221; background_layout=&#8221;light&#8221; text_orientation=&#8221;center&#8221;] [\/et_pb_fullwidth_header][\/et_pb_section][et_pb_section admin_label=&#8221;section&#8221; fullwidth=&#8221;on&#8221; specialty=&#8221;off&#8221;][et_pb_fullwidth_map admin_label=&#8221;Fullwidth Map&#8221; zoom_level=&#8221;17&#8243; address_lat=&#8221;36.8255675955091&#8243; address_lng=&#8221;-2.447265583328293&#8243; address=&#8221;Avenida Cabo de Gata, 180, 04007 Almer\u00eda, Almer\u00eda, Espa\u00f1a&#8221; mouse_wheel=&#8221;on&#8221;] [et_pb_map_pin title=&#8221;Vet Cl\u00ednica Veterinaria&#8221; pin_address=&#8221;Avenida Cabo de Gata, 180, 04007 [&hellip;]<\/p>\n","protected":false},"author":1,"featured_media":0,"parent":0,"menu_order":0,"comment_status":"open","ping_status":"open","template":"","meta":{"_et_pb_use_builder":"on","_et_pb_old_content":"","_et_gb_content_width":""},"_links":{"self":[{"href":"https:\/\/www.vetclinicaveterinaria.es\/index.php?rest_route=\/wp\/v2\/pages\/69"}],"collection":[{"href":"https:\/\/www.vetclinicaveterinaria.es\/index.php?rest_route=\/wp\/v2\/pages"}],"about":[{"href":"https:\/\/www.vetclinicaveterinaria.es\/index.php?rest_route=\/wp\/v2\/types\/page"}],"author":[{"embeddable":true,"href":"https:\/\/www.vetclinicaveterinaria.es\/index.php?rest_route=\/wp\/v2\/users\/1"}],"replies":[{"embeddable":true,"href":"https:\/\/www.vetclinicaveterinaria.es\/index.php?rest_route=%2Fwp%2Fv2%2Fcomments&post=69"}],"version-history":[{"count":5,"href":"https:\/\/www.vetclinicaveterinaria.es\/index.php?rest_route=\/wp\/v2\/pages\/69\/revisions"}],"predecessor-version":[{"id":71,"href":"https:\/\/www.vetclinicaveterinaria.es\/index.php?rest_route=\/wp\/v2\/pages\/69\/revisions\/71"}],"wp:attachment":[{"href":"https:\/\/www.vetclinicaveterinaria.es\/index.php?rest_route=%2Fwp%2Fv2%2Fmedia&parent=69"}],"curies":[{"name":"wp","href":"https:\/\/api.w.org\/{rel}","templated":true}]}}